{"id":56,"date":"2014-06-09T18:16:32","date_gmt":"2014-06-09T18:16:32","guid":{"rendered":"http:\/\/3dprint4you.eu\/?page_id=56"},"modified":"2014-06-10T20:12:23","modified_gmt":"2014-06-10T20:12:23","slug":"ueber-uns","status":"publish","type":"page","link":"http:\/\/3dprint4you.eu\/","title":{"rendered":"\u00dcber Uns&#8230;."},"content":{"rendered":"<p><strong>Herzlich Willkommen bei 3DPrint4You.\u00a0\u00a0\u00a0 * Besonders * Einzigartig * Hochwertig *<\/strong><\/p>\n<p>Wir sind Tom &amp; Jens, haben eine Idee, Menschen, Paare und Schwangere Frauen 3 Dimensional als Sculpturen in klein zu Drucken umgesetzt. Wir scannen Menschen mit einem Handscanner in den Computer ein, diese sogenannten Meshs bearbeiten wir, Drucken dann mit 3D Druckern Sculpturen in verschiedenen Gr\u00f6\u00dfen aus.<\/p>\n<p>Die Sculpturen werden aus Kunstoff gefertigt, sind sehr leicht hochwertig und stabil! Wir machen es m\u00f6glich,\u00a0 Sie f\u00fcr die Zukunft und Generationen in Miniatur herzustellen. Wir Drucken einfarbig aber in verschiedenen Farben. Bitte schreiben Sie Uns an und informieren sich Pers\u00f6nlich bei Uns, wir beraten Sie gerne bei einem Pers\u00f6nlichen Gespr\u00e4ch.<\/p>\n<p>Wir freuen Uns auf Sie<\/p>\n<p>&nbsp;<\/p>\n<p>ACHTUNG!!!! Wir bitten um Verst\u00e4ndnis, die Webseite ist noch im Aufbau und wird t\u00e4glich noch um wichtige Details erg\u00e4nzt!<\/p>\n<p>Bei Fragen vorerst zu erreichen \u00fcber die Mailadresse : 3dprint4youinfo@gmail.com<\/p>\n<p>&nbsp;<\/p>\n<p>Tom &amp; Jens<\/p>\n","protected":false},"excerpt":{"rendered":"<p>Herzlich Willkommen bei 3DPrint4You.\u00a0\u00a0\u00a0 * Besonders * Einzigartig * Hochwertig * Wir sind Tom &amp; Jens, haben eine Idee, Menschen, Paare und Schwangere Frauen 3 Dimensional als Sculpturen in klein zu Drucken umgesetzt. Wir scannen Menschen mit einem Handscanner in den Computer ein, diese sogenannten Meshs bearbeiten wir, Drucken dann mit 3D Druckern Sculpturen in [&hellip;]<\/p>\n","protected":false},"author":1,"featured_media":0,"parent":0,"menu_order":0,"comment_status":"closed","ping_status":"closed","template":"","meta":{"footnotes":""},"class_list":["post-56","page","type-page","status-publish","hentry"],"_links":{"self":[{"href":"http:\/\/3dprint4you.eu\/index.php?rest_route=\/wp\/v2\/pages\/56","targetHints":{"allow":["GET"]}}],"collection":[{"href":"http:\/\/3dprint4you.eu\/index.php?rest_route=\/wp\/v2\/pages"}],"about":[{"href":"http:\/\/3dprint4you.eu\/index.php?rest_route=\/wp\/v2\/types\/page"}],"author":[{"embeddable":true,"href":"http:\/\/3dprint4you.eu\/index.php?rest_route=\/wp\/v2\/users\/1"}],"replies":[{"embeddable":true,"href":"http:\/\/3dprint4you.eu\/index.php?rest_route=%2Fwp%2Fv2%2Fcomments&post=56"}],"version-history":[{"count":4,"href":"http:\/\/3dprint4you.eu\/index.php?rest_route=\/wp\/v2\/pages\/56\/revisions"}],"predecessor-version":[{"id":206,"href":"http:\/\/3dprint4you.eu\/index.php?rest_route=\/wp\/v2\/pages\/56\/revisions\/206"}],"wp:attachment":[{"href":"http:\/\/3dprint4you.eu\/index.php?rest_route=%2Fwp%2Fv2%2Fmedia&parent=56"}],"curies":[{"name":"wp","href":"https:\/\/api.w.org\/{rel}","templated":true}]}}